{"id":6,"date":"2016-05-10T03:48:21","date_gmt":"2016-05-10T03:48:21","guid":{"rendered":"http:\/\/svs1994.org\/?page_id=2"},"modified":"2026-03-14T15:56:50","modified_gmt":"2026-03-14T13:56:50","slug":"sample-page-2","status":"publish","type":"page","link":"https:\/\/svs1994.org\/","title":{"rendered":"SV Sachsen Delitzsch 1994 e.V."},"content":{"rendered":"\n<p class=\"has-text-align-center\"><\/p>\n\n\n\n<p class=\"has-text-align-center\">Willkommen beim Webauftritt des Volleyball- und Faustballvereins <br>SV Sachsen Delitzsch 1994 e.V.. <br>Hier findest Du alle wichtigen Informationen zu unserem Verein. <\/p>\n\n\n<div class=\"wp-block-image\">\n<figure class=\"aligncenter\"><img loading=\"lazy\" decoding=\"async\" width=\"100\" height=\"89\" src=\"http:\/\/svs1994.org\/wp-content\/uploads\/2019\/05\/SVS_R\u00fccken_final-e1557880362147.png\" alt=\"\" class=\"wp-image-177\"\/><\/figure>\n<\/div>\n\n\n<h2 class=\"wp-block-heading has-text-align-center\" id=\"was-macht-der-verein\">Was macht der Verein?<\/h2>\n\n\n\n<p class=\"has-text-align-center\">Wir betreiben und f\u00f6rdern &#8211; als gemeinn\u00fctziger Verein &#8211; den Volley- und Faustballsport in folgenden Mannschaften in und um Delitzsch!<\/p>\n\n\n\n<p class=\"has-text-align-center\">Bei den Mannschaften findest Du alles zum Training, Spielbetrieb und Ansprechpartner.<\/p>\n\n\n\n<figure class=\"wp-block-table\"><table><tbody><tr><td><strong>Sektion<\/strong><\/td><td><strong>Volleyball<\/strong><\/td><td><strong>Faustball<\/strong><\/td><\/tr><tr><td>Frauen<\/td><td><a href=\"http:\/\/svs1994.org\/?page_id=14\">Volleyball Frauen 1<\/a><\/td><td>&#8211;<\/td><\/tr><tr><td>M\u00e4nner<\/td><td><a href=\"https:\/\/svs1994.org\/?page_id=359\">Volleyball M\u00e4nner &#8211; 1<\/a><br><a href=\"http:\/\/svs1994.org\/?page_id=17\">Volleyball M\u00e4nner &#8211; 2<\/a><br><a href=\"http:\/\/svs1994.org\/?page_id=121\">Volleyball M\u00e4nner &#8211; 3<\/a><br><a href=\"http:\/\/svs1994.org\/?page_id=127\">Volleyball M\u00e4nner &#8211; Freizeit<\/a><\/td><td><a href=\"http:\/\/svs1994.org\/?page_id=130\">Faustball M\u00e4nner<\/a><\/td><\/tr><tr><td>Jugend\/Kinder<\/td><td><a href=\"https:\/\/svs1994.org\/?page_id=335\" data-type=\"page\" data-id=\"335\">Volleyball Jugend<\/a><\/td><td>&#8211;<\/td><\/tr><\/tbody><\/table><\/figure>\n\n\n\n<p class=\"has-text-align-center\"><\/p>\n\n\n<div class=\"wp-block-image\">\n<figure class=\"aligncenter\"><img loading=\"lazy\" decoding=\"async\" width=\"100\" height=\"89\" src=\"http:\/\/svs1994.org\/wp-content\/uploads\/2019\/05\/SVS_R\u00fccken_final-e1557880362147.png\" alt=\"\" class=\"wp-image-177\"\/><\/figure>\n<\/div>\n\n\n<h2 class=\"wp-block-heading has-text-align-center\" id=\"wie-komme-ich-in-den-verein\">Wie komme ich in den Verein?<\/h2>\n\n\n\n<p class=\"has-text-align-center\">Wir suchen immer neue Mitglieder. Wichtig ist, dass wir uns zuerst einmal kennenlernen. Daher am besten einfach beim Training vorbeikommen und ausprobieren oder ein Vereinsmitglied kontaktieren.  Email schreiben geht auch.<\/p>\n\n\n\n<p class=\"has-text-align-center\">Wenn dann alles passt sind noch 2 Formalit\u00e4ten notwendig, Aufnahmeantrag und Datenschutzerkl\u00e4rung ausf\u00fcllen, unterzeichnen und im Original bei einem \u00dcbungsleiter\/Vorstandsmitglied abgeben.<\/p>\n\n\n\n<p><\/p>\n\n\n\n<div class=\"wp-block-group\"><div class=\"wp-block-group__inner-container is-layout-flow wp-block-group-is-layout-flow\">\n<div class=\"wp-block-file\"><a id=\"wp-block-file--media-79956638-f36e-4058-b81b-7623f4f86959\" href=\"https:\/\/svs1994.org\/wp-content\/uploads\/2025\/12\/SVS_Antragsformular_Datenschutz_20251204.pdf\">SVS_Antragsformular_Datenschutz_20251204<\/a><a href=\"https:\/\/svs1994.org\/wp-content\/uploads\/2025\/12\/SVS_Antragsformular_Datenschutz_20251204.pdf\" class=\"wp-block-file__button wp-element-button\" download aria-describedby=\"wp-block-file--media-79956638-f36e-4058-b81b-7623f4f86959\">Herunterladen<\/a><\/div>\n<\/div><\/div>\n\n\n<div class=\"wp-block-image\">\n<figure class=\"aligncenter\"><img loading=\"lazy\" decoding=\"async\" width=\"100\" height=\"89\" src=\"http:\/\/svs1994.org\/wp-content\/uploads\/2019\/05\/SVS_R\u00fccken_final-e1557880362147.png\" alt=\"\" class=\"wp-image-177\"\/><\/figure>\n<\/div>\n\n\n<h2 class=\"wp-block-heading has-text-align-center\" id=\"was-kostet-das\">Was kostet das?<\/h2>\n\n\n\n<p class=\"has-text-align-center\"><strong>84\u20ac pro Jahr<\/strong> und einmalig 10\u20ac Beitritt f\u00fcr Vollzahler<\/p>\n\n\n\n<p class=\"has-text-align-center\">48\u20ac pro Jahr und einmalig 5\u20ac auf Antrag f\u00fcr Sch\u00fcler, Auszubildende, Studenten, Arbeitslose, Rentner, Mitglieder in<br>Erziehungs-\/Elternzeit\/ Mutterschutz, Verletzte und Kranke ab dem 3. Monat<\/p>\n\n\n\n<p class=\"has-text-align-center\">Der Beitrag ist zum 28.02. f\u00e4llig (s. <a href=\"https:\/\/svs1994.org\/?page_id=152\" data-type=\"page\" data-id=\"152\">Mitgliederversammlungen<\/a>).<\/p>\n\n\n\n<p class=\"has-text-align-center\"><\/p>\n\n\n<div class=\"wp-block-image\">\n<figure class=\"aligncenter\"><img loading=\"lazy\" decoding=\"async\" width=\"100\" height=\"89\" src=\"http:\/\/svs1994.org\/wp-content\/uploads\/2019\/05\/SVS_R\u00fccken_final-e1557880362147.png\" alt=\"\" class=\"wp-image-177\"\/><\/figure>\n<\/div>\n\n\n<h2 class=\"wp-block-heading has-text-align-center\" id=\"wie-ist-der-verein-geregelt\">Wie ist der Verein geregelt?<\/h2>\n\n\n\n<p class=\"has-text-align-center\">Das findet Ihr unter <a href=\"https:\/\/svs1994.org\/?page_id=53\" data-type=\"page\" data-id=\"53\">Verwaltung<\/a>.<\/p>\n\n\n<div class=\"wp-block-image\">\n<figure class=\"aligncenter\"><img loading=\"lazy\" decoding=\"async\" width=\"100\" height=\"89\" src=\"http:\/\/svs1994.org\/wp-content\/uploads\/2019\/05\/SVS_R\u00fccken_final-e1557880362147.png\" alt=\"\" class=\"wp-image-177\"\/><\/figure>\n<\/div>\n\n\n<h2 class=\"wp-block-heading has-text-align-center\" id=\"wer-unterstutzt-uns\">Wer unterst\u00fctzt uns?<\/h2>\n\n\n<div class=\"wp-block-image\">\n<figure class=\"aligncenter size-full\"><a href=\"http:\/\/www.sw-delitzsch.de\" target=\"_blank\" rel=\"noopener\"><img loading=\"lazy\" decoding=\"async\" width=\"150\" height=\"70\" src=\"https:\/\/svs1994.org\/wp-content\/uploads\/2022\/02\/image002.jpg\" alt=\"\" class=\"wp-image-292\"\/><\/a><\/figure>\n<\/div>\n\n\n<p><\/p>\n","protected":false},"excerpt":{"rendered":"<p>Willkommen beim Webauftritt des Volleyball- und Faustballvereins SV Sachsen Delitzsch 1994 e.V.. Hier findest Du alle wichtigen Informationen zu unserem Verein. Was macht der Verein? Wir betreiben und f\u00f6rdern &#8211; als gemeinn\u00fctziger Verein &#8211; den Volley- und Faustballsport in folgenden Mannschaften in und um Delitzsch! Bei den Mannschaften findest Du alles zum Training, Spielbetrieb und &hellip; <a href=\"https:\/\/svs1994.org\/\" class=\"more-link\"><span class=\"screen-reader-text\">\u201eSV Sachsen Delitzsch 1994 e.V.\u201c <\/span>weiterlesen<\/a><\/p>\n","protected":false},"author":1,"featured_media":0,"parent":0,"menu_order":0,"comment_status":"closed","ping_status":"open","template":"","meta":{"footnotes":""},"class_list":["post-6","page","type-page","status-publish","hentry"],"_links":{"self":[{"href":"https:\/\/svs1994.org\/index.php?rest_route=\/wp\/v2\/pages\/6","targetHints":{"allow":["GET"]}}],"collection":[{"href":"https:\/\/svs1994.org\/index.php?rest_route=\/wp\/v2\/pages"}],"about":[{"href":"https:\/\/svs1994.org\/index.php?rest_route=\/wp\/v2\/types\/page"}],"author":[{"embeddable":true,"href":"https:\/\/svs1994.org\/index.php?rest_route=\/wp\/v2\/users\/1"}],"replies":[{"embeddable":true,"href":"https:\/\/svs1994.org\/index.php?rest_route=%2Fwp%2Fv2%2Fcomments&post=6"}],"version-history":[{"count":41,"href":"https:\/\/svs1994.org\/index.php?rest_route=\/wp\/v2\/pages\/6\/revisions"}],"predecessor-version":[{"id":439,"href":"https:\/\/svs1994.org\/index.php?rest_route=\/wp\/v2\/pages\/6\/revisions\/439"}],"wp:attachment":[{"href":"https:\/\/svs1994.org\/index.php?rest_route=%2Fwp%2Fv2%2Fmedia&parent=6"}],"curies":[{"name":"wp","href":"https:\/\/api.w.org\/{rel}","templated":true}]}}