{"id":53,"date":"2019-05-13T20:32:11","date_gmt":"2019-05-13T20:32:11","guid":{"rendered":"http:\/\/svs1994.org\/?page_id=53"},"modified":"2023-07-30T21:33:56","modified_gmt":"2023-07-30T19:33:56","slug":"mitgliederseite","status":"publish","type":"page","link":"https:\/\/svs1994.org\/?page_id=53","title":{"rendered":"Intern"},"content":{"rendered":"\n<p>Auf dieser und den Unterseiten findet Ihr alle Informationen dazu, wie unser Verein funktioniert.<\/p>\n\n\n\n<p>Dabei gilt folgende Hierarchie und zu jeder Ebene findest Du Details auf der entsprechenden Seite<\/p>\n\n\n<div class=\"wp-block-image\">\n<figure class=\"aligncenter\"><img loading=\"lazy\" decoding=\"async\" width=\"100\" height=\"89\" src=\"http:\/\/svs1994.org\/wp-content\/uploads\/2019\/05\/SVS_R\u00fccken_final-e1557880362147.png\" alt=\"\" class=\"wp-image-177\"\/><\/figure>\n<\/div>\n\n\n<h1 class=\"wp-block-heading\">Aktuelles<\/h1>\n\n\n\n<p>Findet Ihr auf der Seite <a href=\"https:\/\/svs1994.org\/?page_id=308\" data-type=\"page\" data-id=\"308\">Aktuelles<\/a><\/p>\n\n\n<div class=\"wp-block-image\">\n<figure class=\"aligncenter\"><img loading=\"lazy\" decoding=\"async\" width=\"100\" height=\"89\" src=\"http:\/\/svs1994.org\/wp-content\/uploads\/2019\/05\/SVS_R\u00fccken_final-e1557880362147.png\" alt=\"\" class=\"wp-image-177\"\/><\/figure>\n<\/div>\n\n\n<h1 class=\"wp-block-heading\">Vereinsstruktur<\/h1>\n\n\n\n<h2 class=\"wp-block-heading\" id=\"die-satzung\">Die Satzung<\/h2>\n\n\n\n<p>Die wichtigsten Dinge stehen in der Satzung, dem oberstes Vereinsorgan. Aktuell ist die <a rel=\"noreferrer noopener\" href=\"https:\/\/svs1994.org\/wp-content\/uploads\/2023\/06\/SVS-Satzung-2022-04-22.pdf\" data-type=\"URL\" data-id=\"http:\/\/svs1994.org\/wp-content\/uploads\/2019\/05\/SVS-Satzung-20170928_Registerkorrektur.pdf\" target=\"_blank\">Satzung<\/a>, vom 22.04.2022.<\/p>\n\n\n\n<h2 class=\"wp-block-heading\" id=\"die-mitgleiderversammlung\">Die Mitgliederversammlung<\/h2>\n\n\n\n<p id=\"unterhalb-der-satzung-werden-z-b-beitrage-in-der-geregelt\">Mindestens einmal im Jahr kommen Vorstand und Mitglieder zusammen um die Situation im Verein zu betrachten und zu regeln, was die Satzung offenl\u00e4sst, z.B. die Mitgliedsbeitr\u00e4ge. Details und Beschl\u00fcsse findet Ihr auf der Unterseite <a href=\"https:\/\/svs1994.org\/?page_id=152\" data-type=\"page\" data-id=\"152\">Mitgliederversammlung<\/a>. <\/p>\n\n\n\n<h2 class=\"wp-block-heading\" id=\"der-vorstandalles-was-daruber-hinaus-noch-zu-regeln-ist-macht-der-vorstand-zusammen-mit-den-einzelnen-mannschaftsverantwortlichen\">Der Vorstand<\/h2>\n\n\n\n<p id=\"der-vorstandalles-was-daruber-hinaus-noch-zu-regeln-ist-macht-der-vorstand-zusammen-mit-den-einzelnen-mannschaftsverantwortlichen\">alles was dar\u00fcber hinaus noch zu regeln ist, macht der Vorstand zusammen mit den einzelnen Mannschaftsverantwortlichen.  Details findet Ihr unter <a href=\"https:\/\/svs1994.org\/?page_id=253\" data-type=\"page\" data-id=\"253\">Vorstand<\/a>.<\/p>\n\n\n\n<h2 class=\"wp-block-heading\" id=\"die-mannschaftsverantwortlichen\">Die Mannschaftsverantwortlichen<\/h2>\n\n\n\n<p>Sie vertreten die speziellen Interessen der einzelnen Mannschaften. Details findet Ihr unter der jeweiligen Mannschaftsseite.<\/p>\n\n\n\n<h2 class=\"wp-block-heading\" id=\"die-vereinsmitglieder\">Die Vereinsmitglieder<\/h2>\n\n\n\n<p class=\"has-text-align-center\" id=\"mitglieder-ohne-vereinsfunktion-betreiben-unsere-sportarten-und-unterstutzen-den-verein\">Mitglieder ohne Vereinsfunktion betreiben unsere Sportarten und unterst\u00fctzen den Verein. <\/p>\n\n\n\n<p class=\"has-text-align-center\">W\u00fcnsche, Fragen, Beschwerden und alles andere kann jederzeit an ein  beliebiges Vorstandsmitglied herangetragen werden und wird dann in der n\u00e4chsten  Vorstandssitzung behandelt. Wenn sinnvoll werden die betreffenden Personen dann zur Sitzung  eingeladen. <\/p>\n\n\n\n<p class=\"has-text-align-center\">Beschl\u00fcsse werden zu den Trainingszeiten vermittelt bzw. auf der Mitgliederseite eingetragen.<\/p>\n\n\n\n<p class=\"has-text-align-center\">Ganz wichtiges meldet man zur n\u00e4chsten MV an oder beruft eine ein (Details s. Satzung).<\/p>\n","protected":false},"excerpt":{"rendered":"<p>Auf dieser und den Unterseiten findet Ihr alle Informationen dazu, wie unser Verein funktioniert. Dabei gilt folgende Hierarchie und zu jeder Ebene findest Du Details auf der entsprechenden Seite Aktuelles Findet Ihr auf der Seite Aktuelles Vereinsstruktur Die Satzung Die wichtigsten Dinge stehen in der Satzung, dem oberstes Vereinsorgan. Aktuell ist die Satzung, vom 22.04.2022. &hellip; <a href=\"https:\/\/svs1994.org\/?page_id=53\" class=\"more-link\"><span class=\"screen-reader-text\">\u201eIntern\u201c <\/span>weiterlesen<\/a><\/p>\n","protected":false},"author":1,"featured_media":0,"parent":0,"menu_order":0,"comment_status":"closed","ping_status":"closed","template":"","meta":{"footnotes":""},"class_list":["post-53","page","type-page","status-publish","hentry"],"_links":{"self":[{"href":"https:\/\/svs1994.org\/index.php?rest_route=\/wp\/v2\/pages\/53","targetHints":{"allow":["GET"]}}],"collection":[{"href":"https:\/\/svs1994.org\/index.php?rest_route=\/wp\/v2\/pages"}],"about":[{"href":"https:\/\/svs1994.org\/index.php?rest_route=\/wp\/v2\/types\/page"}],"author":[{"embeddable":true,"href":"https:\/\/svs1994.org\/index.php?rest_route=\/wp\/v2\/users\/1"}],"replies":[{"embeddable":true,"href":"https:\/\/svs1994.org\/index.php?rest_route=%2Fwp%2Fv2%2Fcomments&post=53"}],"version-history":[{"count":14,"href":"https:\/\/svs1994.org\/index.php?rest_route=\/wp\/v2\/pages\/53\/revisions"}],"predecessor-version":[{"id":330,"href":"https:\/\/svs1994.org\/index.php?rest_route=\/wp\/v2\/pages\/53\/revisions\/330"}],"wp:attachment":[{"href":"https:\/\/svs1994.org\/index.php?rest_route=%2Fwp%2Fv2%2Fmedia&parent=53"}],"curies":[{"name":"wp","href":"https:\/\/api.w.org\/{rel}","templated":true}]}}