{"id":388,"date":"2024-07-18T08:10:20","date_gmt":"2024-07-18T06:10:20","guid":{"rendered":"https:\/\/svs1994.org\/?page_id=388"},"modified":"2024-07-18T08:10:20","modified_gmt":"2024-07-18T06:10:20","slug":"versicherung","status":"publish","type":"page","link":"https:\/\/svs1994.org\/?page_id=388","title":{"rendered":"Versicherung"},"content":{"rendered":"\n<p><\/p>\n\n\n\n<h2 class=\"wp-block-heading\">Leistungs\u00fcbersicht<\/h2>\n\n\n\n<ul class=\"wp-block-list\">\n<li>Unfall<\/li>\n\n\n\n<li>Schlie\u00dft sporttypische Risiken ein und gilt in Erg\u00e4nzung zur privaten Vorsorge.<\/li>\n\n\n\n<li>Haftpflicht\n<ul class=\"wp-block-list\">\n<li>Wir sch\u00fctzen Verb\u00e4nde und Vereine sowie Sportler vor Schadens\u00adersatz\u00adanspr\u00fcchen.<\/li>\n<\/ul>\n<\/li>\n\n\n\n<li>Heilkosten\u00adversicherung\n<ul class=\"wp-block-list\">\n<li>Wir ersetzen Kosten, wenn zum Beispiel Z\u00e4hne oder Brillen zu Schaden kommen.<\/li>\n<\/ul>\n<\/li>\n\n\n\n<li>Rechtsschutz\n<ul class=\"wp-block-list\">\n<li>Wir sch\u00fctzen Ihr Recht als Verein oder Verband und leisten je Rechtsschutzfall bis zu 50.000 Euro.<\/li>\n<\/ul>\n<\/li>\n\n\n\n<li>Umwelt-Haftplicht\n<ul class=\"wp-block-list\">\n<li>Werden Umweltsch\u00e4den verursacht, \u00fcbernehmen wir die Kosten bis 5.000.000 Euro.<\/li>\n<\/ul>\n<\/li>\n\n\n\n<li>Verm\u00f6gens\u00ad\u00ad\u00adschaden \/ D&#038;O\n<ul class=\"wp-block-list\">\n<li>R\u00fcckhalt f\u00fcr Ihre Vorst\u00e4nde, damit diese f\u00fcr die wirtschaftlichen Folgen von Fehlern in ihrer Verbands- \/ Vereins\u00adt\u00e4tigkeit nicht mit ihrem Privat\u00adverm\u00f6gen haften m\u00fcssen.<\/li>\n<\/ul>\n<\/li>\n\n\n\n<li>Vertrauens\u00ad\u00adschaden\n<ul class=\"wp-block-list\">\n<li>Wir ersetzen den Schaden, wenn beispielsweise Geldwerte wie Bargeld durch Vertrauens\u00adpersonen veruntreut werden.<\/li>\n<\/ul>\n<\/li>\n\n\n\n<li>Schlie\u00dft sporttypische Risiken ein und gilt in Erg\u00e4nzung zur privaten Vorsorge.<\/li>\n<\/ul>\n\n\n\n<h2 class=\"wp-block-heading\">ARAG<\/h2>\n\n\n\n<p><a href=\"https:\/\/www.arag.de\/vereinsversicherung\/sportversicherung\/sachsen\/\">Link<\/a><br><\/p>\n\n\n\n<h2 class=\"wp-block-heading\">Schadensmeldung<\/h2>\n\n\n\n<p><br><a href=\"https:\/\/www.arag.de\/jap\/jforms\/formulare\/standard\/04\/02\/11.faces?p=\/service\/kundenservice\/schadensmeldung\/vereine-und-verbaende\/sportunfall-teil-a\">ARAG-LINK-Schadensmeldung<\/a><\/p>\n\n\n\n<ul class=\"wp-block-list\">\n<li>Angaben\n<ul class=\"wp-block-list\">\n<li>Vereinsnummer: 06054<\/li>\n\n\n\n<li>Sportbund: Sachsen &#8211; LSB Sachsen, Leipzig<\/li>\n\n\n\n<li>Name des Vereins SVS Delitzsch 1994 e.V.<\/li>\n\n\n\n<li>Rechtsform eingetragener Verein<\/li>\n\n\n\n<li>Vereinsadresse: Feldsiedlung 1, 04509 Delitzsch<\/li>\n\n\n\n<li>Ansprechpartner Verein: Jens Wetzel, kontakt@svs1994.de<\/li>\n<\/ul>\n<\/li>\n<\/ul>\n","protected":false},"excerpt":{"rendered":"<p>Leistungs\u00fcbersicht ARAG Link Schadensmeldung ARAG-LINK-Schadensmeldung<\/p>\n","protected":false},"author":1,"featured_media":0,"parent":0,"menu_order":0,"comment_status":"closed","ping_status":"closed","template":"","meta":{"footnotes":""},"class_list":["post-388","page","type-page","status-publish","hentry"],"_links":{"self":[{"href":"https:\/\/svs1994.org\/index.php?rest_route=\/wp\/v2\/pages\/388","targetHints":{"allow":["GET"]}}],"collection":[{"href":"https:\/\/svs1994.org\/index.php?rest_route=\/wp\/v2\/pages"}],"about":[{"href":"https:\/\/svs1994.org\/index.php?rest_route=\/wp\/v2\/types\/page"}],"author":[{"embeddable":true,"href":"https:\/\/svs1994.org\/index.php?rest_route=\/wp\/v2\/users\/1"}],"replies":[{"embeddable":true,"href":"https:\/\/svs1994.org\/index.php?rest_route=%2Fwp%2Fv2%2Fcomments&post=388"}],"version-history":[{"count":1,"href":"https:\/\/svs1994.org\/index.php?rest_route=\/wp\/v2\/pages\/388\/revisions"}],"predecessor-version":[{"id":390,"href":"https:\/\/svs1994.org\/index.php?rest_route=\/wp\/v2\/pages\/388\/revisions\/390"}],"wp:attachment":[{"href":"https:\/\/svs1994.org\/index.php?rest_route=%2Fwp%2Fv2%2Fmedia&parent=388"}],"curies":[{"name":"wp","href":"https:\/\/api.w.org\/{rel}","templated":true}]}}