{"id":253,"date":"2022-01-30T12:15:43","date_gmt":"2022-01-30T10:15:43","guid":{"rendered":"https:\/\/svs1994.org\/?page_id=253"},"modified":"2022-02-01T08:16:55","modified_gmt":"2022-02-01T06:16:55","slug":"vorstand","status":"publish","type":"page","link":"https:\/\/svs1994.org\/?page_id=253","title":{"rendered":"Vorstand"},"content":{"rendered":"\n<div class=\"wp-block-image\"><figure class=\"aligncenter\"><img loading=\"lazy\" decoding=\"async\" width=\"100\" height=\"89\" src=\"http:\/\/svs1994.org\/wp-content\/uploads\/2019\/05\/SVS_R\u00fccken_final-e1557880362147.png\" alt=\"SVS-Maskottchen\" class=\"wp-image-177\"\/><\/figure><\/div>\n\n\n\n<p>Der Vorstandregelt die Belange des Vereins au\u00dferhalb der Satzung und Mitgliederversammlung (MV). Dazu treffen sich die Vorstandmitglieder bei Bedarf und laden ggf. die Mannschaftsverantwortlichen ein.<\/p>\n\n\n\n<h3 class=\"wp-block-heading\" id=\"gultige-vorstandsbeschlusse-stand-22-11-2021\">G\u00fcltige Vorstandsbeschl\u00fcsse (Stand 22.11.2021)<\/h3>\n\n\n\n<figure class=\"wp-block-table\"><table><tbody><tr><td><strong>Datum<\/strong><\/td><td>\n<strong>Thema<\/strong>\n<\/td><td>\n<strong>Beschluss<\/strong>\n<\/td><\/tr><tr><td>4.11.2020<\/td><td>\u00dcL-Pauschale<\/td><td>Die \u00dcL-Pauschalen werden f\u00fcr das Folgejahr an den zu<br>erwartenden (max.) F\u00f6rderbetrag des LSB angepasst. Die Auszahlung der Pauschale erfolgt unabh\u00e4ngig von der<br>gezahlten F\u00f6rderung.<\/td><\/tr><tr><td>20.11.2019<\/td><td>Ehrungen<\/td><td>Der Verein wird zu Geburtstagen oder anderen pers\u00f6nlichen Ereignissen nicht aktiv, auch nicht zu Jubil\u00e4en<br>Jedes Vereinsmitglied kann Ehrungen eines<br>Vereinsmitgliedes f\u00fcr Verdienste f\u00fcr den Verein oder die Mannschaft vor Vereinsbeitritt beim Vorstand schriftlich zu<br>einem Vereinsereignis (aktuell MV, Sommerfest, Weihnachtsturnier) anfordern. Der Antrag sollte mindestens 4 Wochen vor der Ehrung erfolgen. Der Vorstand entscheidet \u00fcber die Ehrung. Die Ausgaben d\u00fcrfen 40\u20ac nicht \u00fcbersteigen.<\/td><\/tr><tr><td>05.02.2019<\/td><td>Spenden<\/td><td>&#8211; Geldspenden gehen immer auf Verein (keine Mannschaftsspezische Verwendung)<br>&#8211; Sachspenden k\u00f6nnen mannschaftsspezisch gemacht werden (Trikots, \u2026), aber m\u00fcssen<br>&#8212; das Vereinslogo\/schriftzug enthalten<br>&#8212; dem Zweckbetrieb des Vereins dienen<br>&#8212; Verbandsregeln entsprechen<br>&#8212; keinerlei Imagerisiko f\u00fcr den Verein beinhalten<\/td><\/tr><tr><td>&nbsp;06.10.2008<\/td><td>Emailbearbeitung<br>\n<\/td><td>Emails an kontakt\/Vorstand erreichen alle Vorstandsmitglieder, damit die Emails auch immer zeitnah bearbeitet werden k\u00f6nnen.<br>\nDadurch entsteht die Gefahr, dass mehrere Vorstandsmitglieder gleichzeitig reagieren, darum<br>\n\nZuerst den Posteingang pr\u00fcfen, ob nicht jemand schneller war.\nWenn man direkt antworten kann, die anderen Vorstandsmitglieder in Kopie setzen.\nWenn man nicht direkt antworten kann, den anderen Vorstandsmitgliedern per Email schreiben, dass man sich der Sache annimmt.\n\n<\/td><\/tr><\/tbody><\/table><\/figure>\n\n\n\n<h2 class=\"wp-block-heading\" id=\"was-macht-eigentlich-der-vorstand\">Was macht eigentlich der Vorstand?<\/h2>\n\n\n\n<h3 class=\"wp-block-heading\" id=\"regelmassig\">Regelm\u00e4\u00dfig<\/h3>\n\n\n\n<figure class=\"wp-block-table is-style-stripes\"><table><tbody><tr><td><strong>Funktion<\/strong> <\/td><td><strong>Aufgaben<\/strong> <\/td><\/tr><tr><td><strong>Vorsitzender<\/strong> <\/td><td>\n\nAnsprechpartner f\u00fcr alles \u00d6ffentliche \nPostadressat und Verteiler\nRepr\u00e4sentant (Reden, \u00f6ffentliche Termine, &#8230;)\nK\u00fcmmerer \nSponsorenpflege \nMitgliederverwaltung (Eintritt, Austritt) \nProtokolle (Vorstandssitzung, Mitgliederversammlung)\nInternetauftritt\n<\/td><\/tr><tr><td><strong>Schatzmeister<br>\n(Stellvertreter)<\/strong> <\/td><td>\n\nFinanzpflege \n\nBeitragskontrolle (monatliche Kontrolle, Mahnwesen) \nAusgaben\/Einnahmen \nVorverauslagung von Kautionen f\u00fcr Turniere\n\nVereinsversicherung \nSponsorenpflege\nVertretung des Vorsitzenden \nAu\u00dfenarbeit\n<\/td><\/tr><tr><td><strong>Sportwart<\/strong> <\/td><td>\n\nSportmittelverwaltung\nSpielkleidung(Trainingsanzug, Sweatshirt, T-Shirt, Hose)\nB\u00e4lle, Balltaschen, Ballpumpe<br>\n\nNetze, Antennen, Beachanlage\n\nSpielerp\u00e4sse verwalten\nSchiedsrichterabsicherung<br>\n\nHistorie (Zeitungsartikel, Dokumentation der Ereignisse (organisieren, eintreiben))\nSponsorenpflege<\/td><\/tr><\/tbody><\/table><\/figure>\n\n\n\n<h3 class=\"wp-block-heading\" id=\"zu-bestimmten-terminen\">zu bestimmten Terminen<\/h3>\n\n\n\n<figure class=\"wp-block-table is-style-stripes\"><table><tbody><tr><td><strong>von<\/strong>\n<\/td><td>\n<strong>bis<\/strong>\n<\/td><td>\n<strong>was<\/strong>\n<\/td><td>\n<strong>wer<\/strong>\n<\/td><\/tr><tr><td>01.01.<\/td><td>10.01. <br>\n<\/td><td>Bestandsmeldung und Zahlung LSB (KSB) <\/td><td>Vorsitzender <br>\n<\/td><\/tr><tr><td>01.01.<\/td><td>28.02. <br>\n<\/td><td>Bestandsmeldung und Zahlung SSVB<br>\n<\/td><td>Vorsitzender<\/td><\/tr><tr><td>01.01.<\/td><td>28.02. <br>\n<\/td><td>Mitgliederversammlung (4 Wochen vorher Themen sammeln, Ort finden, 14 Tage vorher schriftlich einladen, Moderator) <br>\n<\/td><td>Vorsitzender <br>\n<\/td><\/tr><tr><td>&nbsp;&#8211;<\/td><td>MV <br>\n<\/td><td>Kassenbericht Vorjahr<br>\n<\/td><td>Schatzmeister<\/td><\/tr><tr><td>&nbsp;&#8211;<\/td><td>MV<\/td><td>Inventur Sportmittel  <\/td><td>Sportwart<br> <\/td><\/tr><tr><td>01.04 <\/td><td>30.04. <\/td><td>Hallenantrag 2. HJ <\/td><td>Vorsitzender (M\u00e4nner)<\/td><\/tr><tr><td>&nbsp;01.01.<\/td><td>31.05. <br>\n<\/td><td>G\u00fcltigkeit Spielerp\u00e4sse pr\u00fcfen und ggf. neu beantragen<br>\n<\/td><td>Sportwart <br>\n<\/td><\/tr><tr><td>&nbsp;01.09.<\/td><td>15.09.&nbsp;<\/td><td>Pr\u00fcfung Sanitasche aller Mannschaften&nbsp;<\/td><td>Sportwart&nbsp;<\/td><\/tr><tr><td>01.10.<\/td><td>31.10.<\/td><td>Hallenantrag 1. HJ<br>\n<\/td><td>Vorsitzender (M\u00e4nner)<\/td><\/tr><tr><td>&#8211;<\/td><td>&nbsp;31.12.<\/td><td>&nbsp;Zahlungen auf Konto f\u00fcr Jahr abschlie\u00dfen<br>\n<\/td><td>Schatzmeister <\/td><\/tr><\/tbody><\/table><\/figure>\n","protected":false},"excerpt":{"rendered":"<p>Der Vorstandregelt die Belange des Vereins au\u00dferhalb der Satzung und Mitgliederversammlung (MV). Dazu treffen sich die Vorstandmitglieder bei Bedarf und laden ggf. die Mannschaftsverantwortlichen ein. G\u00fcltige Vorstandsbeschl\u00fcsse (Stand 22.11.2021) Datum Thema Beschluss 4.11.2020 \u00dcL-Pauschale Die \u00dcL-Pauschalen werden f\u00fcr das Folgejahr an den zuerwartenden (max.) F\u00f6rderbetrag des LSB angepasst. Die Auszahlung der Pauschale erfolgt unabh\u00e4ngig von &hellip; <a href=\"https:\/\/svs1994.org\/?page_id=253\" class=\"more-link\"><span class=\"screen-reader-text\">\u201eVorstand\u201c <\/span>weiterlesen<\/a><\/p>\n","protected":false},"author":1,"featured_media":0,"parent":53,"menu_order":0,"comment_status":"closed","ping_status":"closed","template":"","meta":{"footnotes":""},"class_list":["post-253","page","type-page","status-publish","hentry"],"_links":{"self":[{"href":"https:\/\/svs1994.org\/index.php?rest_route=\/wp\/v2\/pages\/253","targetHints":{"allow":["GET"]}}],"collection":[{"href":"https:\/\/svs1994.org\/index.php?rest_route=\/wp\/v2\/pages"}],"about":[{"href":"https:\/\/svs1994.org\/index.php?rest_route=\/wp\/v2\/types\/page"}],"author":[{"embeddable":true,"href":"https:\/\/svs1994.org\/index.php?rest_route=\/wp\/v2\/users\/1"}],"replies":[{"embeddable":true,"href":"https:\/\/svs1994.org\/index.php?rest_route=%2Fwp%2Fv2%2Fcomments&post=253"}],"version-history":[{"count":3,"href":"https:\/\/svs1994.org\/index.php?rest_route=\/wp\/v2\/pages\/253\/revisions"}],"predecessor-version":[{"id":290,"href":"https:\/\/svs1994.org\/index.php?rest_route=\/wp\/v2\/pages\/253\/revisions\/290"}],"up":[{"embeddable":true,"href":"https:\/\/svs1994.org\/index.php?rest_route=\/wp\/v2\/pages\/53"}],"wp:attachment":[{"href":"https:\/\/svs1994.org\/index.php?rest_route=%2Fwp%2Fv2%2Fmedia&parent=253"}],"curies":[{"name":"wp","href":"https:\/\/api.w.org\/{rel}","templated":true}]}}