{"id":230,"date":"2021-12-11T20:22:47","date_gmt":"2021-12-11T18:22:47","guid":{"rendered":"https:\/\/svs1994.org\/?page_id=230"},"modified":"2022-01-30T12:29:06","modified_gmt":"2022-01-30T10:29:06","slug":"tipps-fuer-webex-konferenzen","status":"publish","type":"page","link":"https:\/\/svs1994.org\/?page_id=230","title":{"rendered":"Tipps f\u00fcr WEBEX-Konferenzen"},"content":{"rendered":"\n<h1 class=\"wp-block-heading\" id=\"browser-oder-app\">Browser oder App<\/h1>\n\n\n\n<ul class=\"wp-block-list\"><li>Mit dem PC k\u00f6nnt Ihr im Browser beitreten dazu einfach Appaufforderung abbrechen <\/li><li>mit dem Smartphone braucht Ihr &#8222;WEBEX Meetings&#8220;. Vorherige Installation vermeidet Verz\u00f6gerungen<\/li><\/ul>\n\n\n\n<h1 class=\"wp-block-heading\" id=\"name-eingeben\">Name eingeben<\/h1>\n\n\n\n<p>Bitte mit Vor- und Nachname anmelden, damit wir Euch eindeutig identifizieren k\u00f6nnen (nur Mitglieder d\u00fcrfen teilnehmen, nur Mitglieder ab 16 Jahren abstimmen).<\/p>\n\n\n\n<h2 class=\"wp-block-heading\"><img decoding=\"async\" src=\"blob:https:\/\/svs1994.org\/a4e2f141-285e-4e90-819a-599936e466e1\" alt=\"\"><\/h2>\n\n\n\n<h1 class=\"wp-block-heading\" id=\"der-warteraum-lobby\">Der Warteraum \/ Lobby<\/h1>\n\n\n\n<ul class=\"wp-block-list\"><li>Wenn Ihr Euch fr\u00fcher (oder auch sp\u00e4ter) als der Gastgeber einw\u00e4hlt landet Ihr in der Lobby, dem virtuellen Warteraum, das ist ok. <\/li><li>Solltet Ihr 5  Minuten nach Terminbeginn immer noch im Warteraum sein, bitte Email an kontakt@svs1994.de whatsapp an 01751605834 (nicht Anrufen)<\/li><\/ul>\n\n\n\n<h1 class=\"wp-block-heading\" id=\"wie-kann-ich-abstimmen\">Wie kann ich abstimmen?<\/h1>\n\n\n\n<ul class=\"wp-block-list\"><li>unsere Abstimmung erfolgt mit virtuellem &#8222;Hand heben&#8220;<\/li><li>ACHTUNG: es gibt auch \u00e4hnliche Symbole als &#8222;Emoji&#8220; diese funktionieren nicht <\/li><\/ul>\n\n\n\n<h2 class=\"wp-block-heading\" id=\"wie-kann-ich-virtuell-meine-hand-heben\">Wie kann ich virtuell meine Hand heben?<\/h2>\n\n\n\n<p>Hand heben funktioniert ausschlie\u00dflich mit dem richtigen Symbol. Andere Symbole werden nur im eigenen Videofenster angezeigt, k\u00f6nnen aber nicht als Stimme gew\u00e4hlt werden, da nur kurz im Bild und nicht in der teilnehmerliste sichtbar.<\/p>\n\n\n\n<figure class=\"wp-block-image size-full\"><img loading=\"lazy\" decoding=\"async\" width=\"703\" height=\"336\" src=\"https:\/\/svs1994.org\/wp-content\/uploads\/2021\/12\/grafik.png\" alt=\"\" class=\"wp-image-232\" srcset=\"https:\/\/svs1994.org\/wp-content\/uploads\/2021\/12\/grafik.png 703w, https:\/\/svs1994.org\/wp-content\/uploads\/2021\/12\/grafik-300x143.png 300w\" sizes=\"auto, (max-width: 703px) 85vw, 703px\" \/><figcaption>Symbol f\u00fcr Hand heben abh\u00e4ngig von App\/Browser<\/figcaption><\/figure>\n\n\n\n<h3 class=\"wp-block-heading\" id=\"wieso-hautton\">Wieso Hautton?<\/h3>\n\n\n\n<p>Bei der ersten Benutzung kann die App ggf. abfragen, welche Farbe die eigenen Emojis haben sollen. Das ist f\u00fcr die Funktion egal, aber die Auswahl notwendig um weiter zu kommen.<\/p>\n\n\n\n<h2 class=\"wp-block-heading\"><img decoding=\"async\" src=\"blob:https:\/\/svs1994.org\/42582b63-c1ae-4016-8e5a-ca8e8fdb0bc4\" alt=\"\"><\/h2>\n\n\n\n<h2 class=\"wp-block-heading\" id=\"meeting-kennung-meeting-id\">Meeting Kennung \/ Meeting ID<\/h2>\n\n\n\n<p>Mit der Meetingkennung kann man in der WEBEX-App das Meeting auch ohne Link finden. <\/p>\n\n\n\n<h2 class=\"wp-block-heading\" id=\"passwort\">Passwort<\/h2>\n\n\n\n<p>solltet Ihr nicht brauchen<br><\/p>\n","protected":false},"excerpt":{"rendered":"<p>Browser oder App Mit dem PC k\u00f6nnt Ihr im Browser beitreten dazu einfach Appaufforderung abbrechen mit dem Smartphone braucht Ihr &#8222;WEBEX Meetings&#8220;. Vorherige Installation vermeidet Verz\u00f6gerungen Name eingeben Bitte mit Vor- und Nachname anmelden, damit wir Euch eindeutig identifizieren k\u00f6nnen (nur Mitglieder d\u00fcrfen teilnehmen, nur Mitglieder ab 16 Jahren abstimmen). Der Warteraum \/ Lobby Wenn &hellip; <a href=\"https:\/\/svs1994.org\/?page_id=230\" class=\"more-link\"><span class=\"screen-reader-text\">\u201eTipps f\u00fcr WEBEX-Konferenzen\u201c <\/span>weiterlesen<\/a><\/p>\n","protected":false},"author":1,"featured_media":0,"parent":53,"menu_order":0,"comment_status":"closed","ping_status":"closed","template":"","meta":{"footnotes":""},"class_list":["post-230","page","type-page","status-publish","hentry"],"_links":{"self":[{"href":"https:\/\/svs1994.org\/index.php?rest_route=\/wp\/v2\/pages\/230","targetHints":{"allow":["GET"]}}],"collection":[{"href":"https:\/\/svs1994.org\/index.php?rest_route=\/wp\/v2\/pages"}],"about":[{"href":"https:\/\/svs1994.org\/index.php?rest_route=\/wp\/v2\/types\/page"}],"author":[{"embeddable":true,"href":"https:\/\/svs1994.org\/index.php?rest_route=\/wp\/v2\/users\/1"}],"replies":[{"embeddable":true,"href":"https:\/\/svs1994.org\/index.php?rest_route=%2Fwp%2Fv2%2Fcomments&post=230"}],"version-history":[{"count":4,"href":"https:\/\/svs1994.org\/index.php?rest_route=\/wp\/v2\/pages\/230\/revisions"}],"predecessor-version":[{"id":259,"href":"https:\/\/svs1994.org\/index.php?rest_route=\/wp\/v2\/pages\/230\/revisions\/259"}],"up":[{"embeddable":true,"href":"https:\/\/svs1994.org\/index.php?rest_route=\/wp\/v2\/pages\/53"}],"wp:attachment":[{"href":"https:\/\/svs1994.org\/index.php?rest_route=%2Fwp%2Fv2%2Fmedia&parent=230"}],"curies":[{"name":"wp","href":"https:\/\/api.w.org\/{rel}","templated":true}]}}