{"id":152,"date":"2019-05-15T01:20:50","date_gmt":"2019-05-14T23:20:50","guid":{"rendered":"http:\/\/svs1994.org\/?page_id=152"},"modified":"2026-03-14T15:56:26","modified_gmt":"2026-03-14T13:56:26","slug":"mitgliederversammlung","status":"publish","type":"page","link":"https:\/\/svs1994.org\/?page_id=152","title":{"rendered":"Mitgliederversammlung"},"content":{"rendered":"\n<p>Die Mitgliederversammlung oder kurz MV ist das zweite Organ des Vereins.<\/p>\n\n\n\n<h1 class=\"wp-block-heading\" id=\"geltende-mv-beschlusse\">Geltende MV-Beschl\u00fcsse<\/h1>\n\n\n\n<p>Folgende aktuell anzuwendende Regeln (ohne Satzungs\u00e4nderungen, die in der aktuell g\u00fcltigen Satzung nachzulesen sind) wurden beschlossen (Stand 29.01.2024):<\/p>\n\n\n\n<div class=\"wp-block-columns is-layout-flex wp-container-core-columns-is-layout-9d6595d7 wp-block-columns-is-layout-flex\">\n<div class=\"wp-block-column is-layout-flow wp-block-column-is-layout-flow\" style=\"flex-basis:100%\">\n<div class=\"wp-block-group\"><div class=\"wp-block-group__inner-container is-layout-flow wp-block-group-is-layout-flow\">\n<div class=\"wp-block-group\"><div class=\"wp-block-group__inner-container is-layout-flow wp-block-group-is-layout-flow\">\n<figure class=\"wp-block-table is-style-regular\"><table><thead><tr><th>Datum<\/th><th>Thema<\/th><th>Beschluss<\/th><\/tr><\/thead><tbody><tr><td>22.03.2024<\/td><td>Mitgliedsbeitrag<\/td><td>Das Zahlungsziel f\u00fcr den Mitgliedsbeitrag soll auf den 28.02. des Jahres gelegt werden.<\/td><\/tr><tr><td>21.12.2023<\/td><td>Mitgliedsbeitrag<\/td><td>Der Mitgliedsbeitrag betr\u00e4gt ab 2024 pro Jahr f\u00fcr Vollzahler 84\u20ac und erm\u00e4\u00dfigt 48\u20ac.<\/td><\/tr><tr><td>22.04.2022<\/td><td>Finanzierungsplanung<\/td><td>Die Finanzplanung erfolgt ab 2022 Sektions\/Mannschaftsweise.<\/td><\/tr><tr><td> 16.12.2021 <\/td><td> Mitgliederbeitrag  <\/td><td>Der erm\u00e4\u00dfigte Beitrag wird auf Antrag f\u00fcr Sch\u00fcler, Auszubildende, Studenten, Arbeitslose, Rentner, Mitglieder in<br>Erziehungs-\/Elternzeit, Mutterschutz, Verletzte und Kranke ab dem 3. Monat gew\u00e4hrt. Der Antrag ist im<br>Aufnahmeantrag zu vermerken bzw. in Textform an den Vorstand zu richten. Bei Entfall einer Bedingung ist ab<br>dem Folgemonat der volle Beitrag f\u00e4llig und der Vorstand zu informieren.<\/td><\/tr><tr><td>16.12.2021<\/td><td>Aufwendungen<\/td><td>Aufwendungen durch T\u00e4tigkeiten f\u00fcr den Verein nach \u00a710 Abs. 5 der Satzung, die 20\u20ac \u00fcberschreiten sind vorab<br>mit dem Vorstand abzustimmen.<\/td><\/tr><tr><td>15.01.2016<\/td><td>Mitgliederbeitrag  <\/td><td>Der Beitrag ist bis zum<br>15.01. (&#8230;nicht mehr relevant&#8230;) zu begleichen.<\/td><\/tr><tr><td>24.02.2010 <\/td><td>Turniervorkasse<br>\n<\/td><td>Der Verein geht f\u00fcr  Startgelder und Kautionen f\u00fcr Volleyballturniere in Vorkasse, wenn sich  ein Vereinsmitglied zur R\u00fcckzahlung verpflichtet. <\/td><\/tr><tr><td>03.04.2008<\/td><td>Alte B\u00e4lle <br>\n<\/td><td>Ausgemusterte B\u00e4lle werden kostenfrei abgegeben. Die Abgabe erfolgt \nnach Bedarf in der Reihenfolge: gemeinn\u00fctzige Einrichtungen, Mitglieder,\n Entsorgung.<\/td><\/tr><tr><td>03.04.2008<\/td><td>Wiedereintritt<\/td><td>Ehemalige Mitglieder bezahlen nur 5\u20ac Aufnahmegeb\u00fchr. Bei Besch\u00e4digung und nicht<br>\nordnungsgem\u00e4\u00dfer Abgabe aller Vereinseigent\u00fcmer wird die volle Geb\u00fchr f\u00e4llig.<\/td><\/tr><tr><td>03.04.2008<\/td><td>Alte Kleidung<br>\n<\/td><td>Ausgemusterte Kleidung geht in den Besitz des letzten Tr\u00e4gers \u00fcber. \nDie Entscheidung \u00fcber Weiterverwendung oder Ausmusterung obliegt dem \nVerein, es ex. keine fixe Regelung und\/oder Anspruch des Mitglieds.<\/td><\/tr><\/tbody><\/table><\/figure>\n<\/div><\/div>\n<\/div><\/div>\n<\/div>\n<\/div>\n","protected":false},"excerpt":{"rendered":"<p>Die Mitgliederversammlung oder kurz MV ist das zweite Organ des Vereins. Geltende MV-Beschl\u00fcsse Folgende aktuell anzuwendende Regeln (ohne Satzungs\u00e4nderungen, die in der aktuell g\u00fcltigen Satzung nachzulesen sind) wurden beschlossen (Stand 29.01.2024): Datum Thema Beschluss 22.03.2024 Mitgliedsbeitrag Das Zahlungsziel f\u00fcr den Mitgliedsbeitrag soll auf den 28.02. des Jahres gelegt werden. 21.12.2023 Mitgliedsbeitrag Der Mitgliedsbeitrag betr\u00e4gt ab &hellip; <a href=\"https:\/\/svs1994.org\/?page_id=152\" class=\"more-link\"><span class=\"screen-reader-text\">\u201eMitgliederversammlung\u201c <\/span>weiterlesen<\/a><\/p>\n","protected":false},"author":1,"featured_media":0,"parent":53,"menu_order":0,"comment_status":"closed","ping_status":"closed","template":"","meta":{"footnotes":""},"class_list":["post-152","page","type-page","status-publish","hentry"],"_links":{"self":[{"href":"https:\/\/svs1994.org\/index.php?rest_route=\/wp\/v2\/pages\/152","targetHints":{"allow":["GET"]}}],"collection":[{"href":"https:\/\/svs1994.org\/index.php?rest_route=\/wp\/v2\/pages"}],"about":[{"href":"https:\/\/svs1994.org\/index.php?rest_route=\/wp\/v2\/types\/page"}],"author":[{"embeddable":true,"href":"https:\/\/svs1994.org\/index.php?rest_route=\/wp\/v2\/users\/1"}],"replies":[{"embeddable":true,"href":"https:\/\/svs1994.org\/index.php?rest_route=%2Fwp%2Fv2%2Fcomments&post=152"}],"version-history":[{"count":23,"href":"https:\/\/svs1994.org\/index.php?rest_route=\/wp\/v2\/pages\/152\/revisions"}],"predecessor-version":[{"id":438,"href":"https:\/\/svs1994.org\/index.php?rest_route=\/wp\/v2\/pages\/152\/revisions\/438"}],"up":[{"embeddable":true,"href":"https:\/\/svs1994.org\/index.php?rest_route=\/wp\/v2\/pages\/53"}],"wp:attachment":[{"href":"https:\/\/svs1994.org\/index.php?rest_route=%2Fwp%2Fv2%2Fmedia&parent=152"}],"curies":[{"name":"wp","href":"https:\/\/api.w.org\/{rel}","templated":true}]}}